{"id":199,"date":"2016-11-15T14:50:35","date_gmt":"2016-11-15T13:50:35","guid":{"rendered":"http:\/\/bulktrans.sk\/draft\/?page_id=199"},"modified":"2026-03-02T16:15:57","modified_gmt":"2026-03-02T15:15:57","slug":"our-fleet","status":"publish","type":"page","link":"http:\/\/bulktrans.sk\/sk\/our-fleet\/","title":{"rendered":"Vozov\u00fd park"},"content":{"rendered":"[vc_row full_width=&#8220;stretch_row&#8220; parallax=&#8220;content-moving&#8220; css=&#8220;.vc_custom_1478966801269{padding-top: 40px !important;padding-bottom: 50px !important;background-color: #69d2e7 !important;}&#8220;][vc_column width=&#8220;1\/2&#8243;][vc_single_image image=&#8220;1029&#8243; img_size=&#8220;full&#8220; alignment=&#8220;center&#8220;][\/vc_column][vc_column width=&#8220;1\/2&#8243;][vc_custom_heading source=&#8220;post_title&#8220; font_container=&#8220;tag:h2|font_size:26|text_align:left|color:%23ffffff&#8220; use_theme_fonts=&#8220;yes&#8220; css=&#8220;.vc_custom_1478902964101{padding-bottom: 10px !important;}&#8220;][vc_separator color=&#8220;custom&#8220; align=&#8220;align_left&#8220; border_width=&#8220;3&#8243; el_width=&#8220;20&#8243; accent_color=&#8220;#b2b2b2&#8243;][vc_column_text]Aby na\u0161a spolo\u010dnos\u0165 sp\u013a\u0148ala \u010do najpr\u00edsnej\u0161ie krit\u00e9ria eur\u00f3pskej \u00fanie, v roku 2016 sme investovali do vozov\u00e9ho parku. 95 % na\u0161ej vozovej flotily tvoria kami\u00f3ny s certifik\u00e1ciou Euro 6.<\/p>\n<p>\u0160pecializujeme sa na prepravu sypk\u00fdch a granulovan\u00fdch materi\u00e1lov silocisternami, kde m\u00e1me dlhoro\u010dn\u00e9\u00a0sk\u00fasenosti nadobudnut\u00e9 desa\u0165ro\u010diami praxe. Pozn\u00e1me v\u0161etky \u0161pecifik\u00e1 a \u00faskalia prepravy t\u00fdchto materi\u00e1lov. Pou\u017e\u00edvame najnov\u0161ie technol\u00f3gie, najlep\u0161ie materi\u00e1ly a cel\u00fa radu mo\u017enost\u00ed prepravy. Vozov\u00fd park je pravidelne obmie\u0148an\u00fd.<\/p>\n<p><strong>Na prepravu V\u00e1\u0161ho tovaru pon\u00fakame nasledovn\u00e9 dopravn\u00e9 prostriedky:<\/strong><\/p>\n<ul>\n<li>Nakl\u00e1pacie silocisterny s obj\u00e9mom 58 a\u017e 63 m<sup>3<\/sup><\/li>\n<li>Plachtov\u00e9 a skri\u0148ov\u00e9 pr\u00edvesy<\/li>\n<\/ul>\n<p>Preprava sypk\u00fdch a granulovan\u00fdch materi\u00e1lov silocisternami je omnoho efekt\u00edvnej\u0161ia v porovnan\u00ed s in\u00fdmi mo\u017enos\u0165ami prepravy sypk\u00fdch materi\u00e1lov.[\/vc_column_text][\/vc_column][\/vc_row][vc_row][vc_column][vc_media_grid element_width=&#8220;3&#8243; gap=&#8220;20&#8243; grid_id=&#8220;vc_gid:1772464502370-a4fd96bf-9022-9&#8243; include=&#8220;1049,1039,811,1027&#8243; css=&#8220;.vc_custom_1772464524245{padding-top: 20px !important;padding-bottom: 50px !important;}&#8220;][\/vc_column][\/vc_row]","protected":false},"excerpt":{"rendered":"<p>[vc_row full_width=&#8220;stretch_row&#8220; parallax=&#8220;content-moving&#8220; css=&#8220;.vc_custom_1478966801269{padding-top: 40px !important;padding-bottom: 50px !important;background-color: #69d2e7 !important;}&#8220;][vc_column width=&#8220;1\/2&#8243;][vc_single_image image=&#8220;1029&#8243; img_size=&#8220;full&#8220; alignment=&#8220;center&#8220;][\/vc_column][vc_column width=&#8220;1\/2&#8243;][vc_custom_heading source=&#8220;post_title&#8220; font_container=&#8220;tag:h2|font_size:26|text_align:left|color:%23ffffff&#8220; use_theme_fonts=&#8220;yes&#8220; css=&#8220;.vc_custom_1478902964101{padding-bottom: 10px !important;}&#8220;][vc_separator color=&#8220;custom&#8220; align=&#8220;align_left&#8220; border_width=&#8220;3&#8243; el_width=&#8220;20&#8243; accent_color=&#8220;#b2b2b2&#8243;][vc_column_text]Aby na\u0161a spolo\u010dnos\u0165 sp\u013a\u0148ala \u010do najpr\u00edsnej\u0161ie krit\u00e9ria eur\u00f3pskej \u00fanie, v roku 2016 sme investovali do vozov\u00e9ho parku. 95 % na\u0161ej vozovej flotily tvoria kami\u00f3ny s certifik\u00e1ciou Euro 6. \u0160pecializujeme sa na prepravu sypk\u00fdch a granulovan\u00fdch materi\u00e1lov silocisternami, kde m\u00e1me dlhoro\u010dn\u00e9\u00a0sk\u00fasenosti nadobudnut\u00e9 desa\u0165ro\u010diami praxe. Pozn\u00e1me v\u0161etky \u0161pecifik\u00e1 a \u00faskalia prepravy t\u00fdchto materi\u00e1lov. Pou\u017e\u00edvame najnov\u0161ie technol\u00f3gie, najlep\u0161ie materi\u00e1ly a cel\u00fa radu mo\u017enost\u00ed prepravy. Vozov\u00fd park je pravidelne obmie\u0148an\u00fd. Na prepravu V\u00e1\u0161ho tovaru pon\u00fakame nasledovn\u00e9 dopravn\u00e9 prostriedky: Nakl\u00e1pacie silocisterny s obj\u00e9mom 58 a\u017e 63 m3 Plachtov\u00e9 a skri\u0148ov\u00e9 pr\u00edvesy Preprava sypk\u00fdch a granulovan\u00fdch materi\u00e1lov silocisternami je omnoho efekt\u00edvnej\u0161ia v porovnan\u00ed s in\u00fdmi mo\u017enos\u0165ami prepravy sypk\u00fdch materi\u00e1lov.[\/vc_column_text][\/vc_column][\/vc_row][vc_row][vc_column][vc_media_grid element_width=&#8220;3&#8243; gap=&#8220;20&#8243; grid_id=&#8220;vc_gid:1772464502370-a4fd96bf-9022-9&#8243; include=&#8220;1049,1039,811,1027&#8243; css=&#8220;.vc_custom_1772464524245{padding-top: 20px !important;padding-bottom: 50px !important;}&#8220;][\/vc_column][\/vc_row]<\/p>\n","protected":false},"author":1,"featured_media":0,"parent":0,"menu_order":0,"comment_status":"closed","ping_status":"closed","template":"","meta":{"footnotes":""},"class_list":["post-199","page","type-page","status-publish","hentry","entry","post-inner"],"_links":{"self":[{"href":"http:\/\/bulktrans.sk\/sk\/wp-json\/wp\/v2\/pages\/199","targetHints":{"allow":["GET"]}}],"collection":[{"href":"http:\/\/bulktrans.sk\/sk\/wp-json\/wp\/v2\/pages"}],"about":[{"href":"http:\/\/bulktrans.sk\/sk\/wp-json\/wp\/v2\/types\/page"}],"author":[{"embeddable":true,"href":"http:\/\/bulktrans.sk\/sk\/wp-json\/wp\/v2\/users\/1"}],"replies":[{"embeddable":true,"href":"http:\/\/bulktrans.sk\/sk\/wp-json\/wp\/v2\/comments?post=199"}],"version-history":[{"count":11,"href":"http:\/\/bulktrans.sk\/sk\/wp-json\/wp\/v2\/pages\/199\/revisions"}],"predecessor-version":[{"id":1053,"href":"http:\/\/bulktrans.sk\/sk\/wp-json\/wp\/v2\/pages\/199\/revisions\/1053"}],"wp:attachment":[{"href":"http:\/\/bulktrans.sk\/sk\/wp-json\/wp\/v2\/media?parent=199"}],"curies":[{"name":"wp","href":"https:\/\/api.w.org\/{rel}","templated":true}]}}