{"id":23,"date":"2016-11-04T18:15:46","date_gmt":"2016-11-04T16:15:46","guid":{"rendered":"http:\/\/bulktrans.sk\/draft\/?page_id=23"},"modified":"2024-08-05T19:38:29","modified_gmt":"2024-08-05T17:38:29","slug":"uvod","status":"publish","type":"page","link":"http:\/\/bulktrans.sk\/sk\/","title":{"rendered":"\u00davod"},"content":{"rendered":"[vc_row full_width=&#8220;stretch_row&#8220; full_height=&#8220;yes&#8220; css=&#8220;.vc_custom_1478773104913{margin-bottom: 0px !important;background-color: #69d2e7 !important;}&#8220;][vc_column][layerslider_vc id=&#8220;1&#8243;][vc_custom_heading text=&#8220;Vitajte na str\u00e1nke spolo\u010dnosti Bulk Trans,<br \/>\nsme V\u00e1\u0161 partner pre logistick\u00e9 rie\u0161enia.&#8220; font_container=&#8220;tag:h2|font_size:40|text_align:center|color:%23ffffff|line_height:1.5&#8243; use_theme_fonts=&#8220;yes&#8220; css=&#8220;.vc_custom_1483532108967{padding-bottom: 15px !important;}&#8220;][vc_separator color=&#8220;custom&#8220; border_width=&#8220;3&#8243; el_width=&#8220;10&#8243; accent_color=&#8220;#b2b2b2&#8243;][vc_row_inner css=&#8220;.vc_custom_1486640549746{padding-bottom: 30px !important;}&#8220;][vc_column_inner width=&#8220;1\/3&#8243;][vc_icon icon_fontawesome=&#8220;fa fa-file-text&#8220; color=&#8220;white&#8220; background_style=&#8220;rounded&#8220; background_color=&#8220;blue&#8220; size=&#8220;xl&#8220; align=&#8220;center&#8220; css_animation=&#8220;appear&#8220;][vc_custom_heading text=&#8220;O n\u00e1s&#8220; font_container=&#8220;tag:div|font_size:26|text_align:center|color:%23ffffff|line_height:2&#8243; use_theme_fonts=&#8220;yes&#8220; link=&#8220;url:http%3A%2F%2Fbulktrans.sk%2Fdraft%2Fabout%2F|||&#8220;][vc_column_text]\n<p class=\"p1\"><span class=\"s1\">Bulk Trans s.r.o. je dopravn\u00e1 spolo\u010dnos\u0165, ktor\u00e1 spln\u00ed v\u0161etky va\u0161e logistick\u00e9 po\u017eiadavky. Pon\u00fakame medzin\u00e1rodn\u00fa n\u00e1kladn\u00fa dopravu, hlavne prepravn\u00fdm prostriedkom, navesov\u00fdmi silami, kontajnerov\u00fa dopravu, skladovanie a\u00a0prekl\u00e1dku.<\/span><\/p>\n<p class=\"p1\"><span class=\"s1\"><a href=\"http:\/\/bulktrans.sk\/about\/\">\u010c\u00edta\u0165 viac &gt;&gt;<\/a><\/span><\/p>\n[\/vc_column_text][\/vc_column_inner][vc_column_inner width=&#8220;1\/3&#8243;][vc_icon icon_fontawesome=&#8220;fa fa-truck&#8220; color=&#8220;white&#8220; background_style=&#8220;rounded&#8220; background_color=&#8220;blue&#8220; size=&#8220;xl&#8220; align=&#8220;center&#8220; css_animation=&#8220;appear&#8220;][vc_custom_heading text=&#8220;Vozov\u00fd park&#8220; font_container=&#8220;tag:div|font_size:26|text_align:center|color:%23ffffff|line_height:2&#8243; use_theme_fonts=&#8220;yes&#8220; link=&#8220;url:http%3A%2F%2Fbulktrans.sk%2Fdraft%2Four-fleet%2F|||&#8220;][vc_column_text]\n<p class=\"p1\">Aby na\u0161a spolo\u010dnos\u0165 sp\u013a\u0148ala \u010do najpr\u00edsnej\u0161ie krit\u00e9ria eur\u00f3pskej \u00fanie, v roku 2016 sme investovali do vozov\u00e9ho parku. 95 % na\u0161ej vozovej flotily tvoria kami\u00f3ny s certifik\u00e1ciou Euro 6.<\/p>\n<p><a href=\"http:\/\/bulktrans.sk\/our-fleet\/\"><br \/>\n\u010c\u00edta\u0165 viac &gt;&gt;<\/a>[\/vc_column_text][\/vc_column_inner][vc_column_inner width=&#8220;1\/3&#8243;][vc_icon icon_fontawesome=&#8220;fa fa-users&#8220; color=&#8220;white&#8220; background_style=&#8220;rounded&#8220; background_color=&#8220;blue&#8220; size=&#8220;xl&#8220; align=&#8220;center&#8220; css_animation=&#8220;appear&#8220;][vc_custom_heading text=&#8220;Kari\u00e9ra&#8220; font_container=&#8220;tag:div|font_size:26|text_align:center|color:%23ffffff|line_height:2&#8243; use_theme_fonts=&#8220;yes&#8220; link=&#8220;url:http%3A%2F%2Fbulktrans.sk%2Fdraft%2Fcareer%2F|||&#8220;][vc_column_text]\n<p class=\"p1\"><span class=\"s1\">Bulk Trans s.r.o. je dynamick\u00e1 spolo\u010dnos\u0165, ktor\u00e1 vzh\u013eadom na roz\u0161irovanie vozov\u00e9ho parku, z \u010dasu na \u010das h\u013ead\u00e1 nov\u00fdch spolupracovn\u00edkov.\u00a0<\/span><span class=\"s1\">Pon\u00fakame zauj\u00edmav\u00fa pr\u00e1cu v mladom kolekt\u00edve, v\u00fdborn\u00e9 pracovn\u00e9 podmienky v pr\u00edjemnej pracovnej atmosf\u00e9re.<\/span><\/p>\n<p class=\"p1\"><a href=\"http:\/\/bulktrans.sk\/career\/\">\u010c\u00edta\u0165 viac &gt;&gt;<\/a><\/p>\n[\/vc_column_text][\/vc_column_inner][\/vc_row_inner][\/vc_column][\/vc_row]","protected":false},"excerpt":{"rendered":"<p>[vc_row full_width=&#8220;stretch_row&#8220; full_height=&#8220;yes&#8220; css=&#8220;.vc_custom_1478773104913{margin-bottom: 0px !important;background-color: #69d2e7 !important;}&#8220;][vc_column][layerslider_vc id=&#8220;1&#8243;][vc_custom_heading text=&#8220;Vitajte na str\u00e1nke spolo\u010dnosti Bulk Trans, sme V\u00e1\u0161 partner pre logistick\u00e9 rie\u0161enia.&#8220; font_container=&#8220;tag:h2|font_size:40|text_align:center|color:%23ffffff|line_height:1.5&#8243; use_theme_fonts=&#8220;yes&#8220; css=&#8220;.vc_custom_1483532108967{padding-bottom: 15px !important;}&#8220;][vc_separator color=&#8220;custom&#8220; border_width=&#8220;3&#8243; el_width=&#8220;10&#8243; accent_color=&#8220;#b2b2b2&#8243;][vc_row_inner css=&#8220;.vc_custom_1486640549746{padding-bottom: 30px !important;}&#8220;][vc_column_inner width=&#8220;1\/3&#8243;][vc_icon icon_fontawesome=&#8220;fa fa-file-text&#8220; color=&#8220;white&#8220; background_style=&#8220;rounded&#8220; background_color=&#8220;blue&#8220; size=&#8220;xl&#8220; align=&#8220;center&#8220; css_animation=&#8220;appear&#8220;][vc_custom_heading text=&#8220;O n\u00e1s&#8220; font_container=&#8220;tag:div|font_size:26|text_align:center|color:%23ffffff|line_height:2&#8243; use_theme_fonts=&#8220;yes&#8220; link=&#8220;url:http%3A%2F%2Fbulktrans.sk%2Fdraft%2Fabout%2F|||&#8220;][vc_column_text] Bulk Trans s.r.o. je dopravn\u00e1 spolo\u010dnos\u0165, ktor\u00e1 spln\u00ed v\u0161etky va\u0161e logistick\u00e9 po\u017eiadavky. Pon\u00fakame medzin\u00e1rodn\u00fa n\u00e1kladn\u00fa dopravu, hlavne prepravn\u00fdm prostriedkom, navesov\u00fdmi silami, kontajnerov\u00fa dopravu, skladovanie a\u00a0prekl\u00e1dku. \u010c\u00edta\u0165 viac &gt;&gt; [\/vc_column_text][\/vc_column_inner][vc_column_inner width=&#8220;1\/3&#8243;][vc_icon icon_fontawesome=&#8220;fa fa-truck&#8220; color=&#8220;white&#8220; background_style=&#8220;rounded&#8220; background_color=&#8220;blue&#8220; size=&#8220;xl&#8220; align=&#8220;center&#8220; css_animation=&#8220;appear&#8220;][vc_custom_heading text=&#8220;Vozov\u00fd park&#8220; font_container=&#8220;tag:div|font_size:26|text_align:center|color:%23ffffff|line_height:2&#8243; use_theme_fonts=&#8220;yes&#8220; link=&#8220;url:http%3A%2F%2Fbulktrans.sk%2Fdraft%2Four-fleet%2F|||&#8220;][vc_column_text] Aby na\u0161a spolo\u010dnos\u0165 sp\u013a\u0148ala \u010do najpr\u00edsnej\u0161ie krit\u00e9ria eur\u00f3pskej \u00fanie, v roku 2016 sme investovali do vozov\u00e9ho parku. 95 % na\u0161ej vozovej flotily tvoria kami\u00f3ny s certifik\u00e1ciou Euro 6. \u010c\u00edta\u0165 viac &gt;&gt;[\/vc_column_text][\/vc_column_inner][vc_column_inner width=&#8220;1\/3&#8243;][vc_icon icon_fontawesome=&#8220;fa fa-users&#8220; color=&#8220;white&#8220; background_style=&#8220;rounded&#8220; background_color=&#8220;blue&#8220; size=&#8220;xl&#8220; align=&#8220;center&#8220; css_animation=&#8220;appear&#8220;][vc_custom_heading text=&#8220;Kari\u00e9ra&#8220; font_container=&#8220;tag:div|font_size:26|text_align:center|color:%23ffffff|line_height:2&#8243; use_theme_fonts=&#8220;yes&#8220; link=&#8220;url:http%3A%2F%2Fbulktrans.sk%2Fdraft%2Fcareer%2F|||&#8220;][vc_column_text] Bulk Trans s.r.o. je dynamick\u00e1 spolo\u010dnos\u0165, ktor\u00e1 vzh\u013eadom na roz\u0161irovanie vozov\u00e9ho parku, z \u010dasu na \u010das h\u013ead\u00e1 nov\u00fdch spolupracovn\u00edkov.\u00a0Pon\u00fakame zauj\u00edmav\u00fa pr\u00e1cu v mladom kolekt\u00edve, v\u00fdborn\u00e9 pracovn\u00e9 podmienky v pr\u00edjemnej pracovnej atmosf\u00e9re. \u010c\u00edta\u0165 viac &gt;&gt; [\/vc_column_text][\/vc_column_inner][\/vc_row_inner][\/vc_column][\/vc_row]<\/p>\n","protected":false},"author":1,"featured_media":0,"parent":0,"menu_order":0,"comment_status":"closed","ping_status":"closed","template":"","meta":{"footnotes":""},"class_list":["post-23","page","type-page","status-publish","hentry","entry","post-inner"],"_links":{"self":[{"href":"http:\/\/bulktrans.sk\/sk\/wp-json\/wp\/v2\/pages\/23","targetHints":{"allow":["GET"]}}],"collection":[{"href":"http:\/\/bulktrans.sk\/sk\/wp-json\/wp\/v2\/pages"}],"about":[{"href":"http:\/\/bulktrans.sk\/sk\/wp-json\/wp\/v2\/types\/page"}],"author":[{"embeddable":true,"href":"http:\/\/bulktrans.sk\/sk\/wp-json\/wp\/v2\/users\/1"}],"replies":[{"embeddable":true,"href":"http:\/\/bulktrans.sk\/sk\/wp-json\/wp\/v2\/comments?post=23"}],"version-history":[{"count":3,"href":"http:\/\/bulktrans.sk\/sk\/wp-json\/wp\/v2\/pages\/23\/revisions"}],"predecessor-version":[{"id":1005,"href":"http:\/\/bulktrans.sk\/sk\/wp-json\/wp\/v2\/pages\/23\/revisions\/1005"}],"wp:attachment":[{"href":"http:\/\/bulktrans.sk\/sk\/wp-json\/wp\/v2\/media?parent=23"}],"curies":[{"name":"wp","href":"https:\/\/api.w.org\/{rel}","templated":true}]}}