{"id":5,"date":"2019-03-11T19:23:50","date_gmt":"2019-03-11T18:23:50","guid":{"rendered":"http:\/\/bulktrans.sk\/?page_id=3"},"modified":"2024-08-05T18:54:50","modified_gmt":"2024-08-05T16:54:50","slug":"ochrana-sukromia","status":"publish","type":"page","link":"http:\/\/bulktrans.sk\/sk\/ochrana-sukromia\/","title":{"rendered":"Z\u00e1sady ochrany osobn\u00fdch \u00fadajov"},"content":{"rendered":"[vc_row css=&#8220;.vc_custom_1722876886732{padding-top: 50px !important;padding-bottom: 50px !important;}&#8220;][vc_column][vc_column_text]\n<h1>Ochrana a spracovanie osobn\u00fdch \u00fadajov a pr\u00e1va dotknutej osoby<\/h1>\n<p><b>S\u00fahlas so spracovan\u00edm osobn\u00fdch \u00fadajov<\/b><\/p>\n<p>S\u00fahlasom so spracovan\u00ed osobn\u00fdch \u00fadajov povo\u013euje dotknut\u00e1 osoba spolo\u010dnosti\u00a0<b>BulkTrans, s.r.o.,<\/b>\u00a0so s\u00eddlom\u00a0<b>Stavite\u013esk\u00e1 7, 83104 Bratislava<\/b>, I\u010cO:\u00a0<b>46 203 915<\/b>, zap\u00edsanej v Obchodnom registri Okresn\u00e9ho s\u00fadu Bratislava III, oddiel: Sro, vlo\u017eka \u010d. <b>73748\/B<\/b> \u00a0(\u010ealej len \u201cSpr\u00e1vca\u201d), aby v zmysle z\u00e1kona \u010d. 18\/2018 Z. z. o ochrane osobn\u00fdch \u00fadajov a o zmene a doplnen\u00ed niektor\u00fdch z\u00e1konov (\u010falej len \u201cz\u00e1kon o ochrane osobn\u00fdch \u00fadajov\u201d) spracov\u00e1vala tieto osobn\u00e9 \u00fadaje dotknutej osoby:<\/p>\n<ul>\n<li>meno a priezvisko<\/li>\n<li>n\u00e1zov spolo\u010dnosti<\/li>\n<li>adresa<\/li>\n<li>e-mail<\/li>\n<li>telef\u00f3nne \u010d\u00edslo<\/li>\n<\/ul>\n<p>Meno, priezvisko, n\u00e1zov spolo\u010dnosti, adresa, telef\u00f3nne \u010d\u00edslo a e-mail je nutn\u00e9 spracova\u0165 za \u00fa\u010delom marketingov\u00fdch aktiv\u00edt\u00a0.\u00a0Tieto \u00fadaje bud\u00fa Spr\u00e1vcom spracovan\u00e9 po dobu neur\u010dit\u00fa a\u017e do odvolania V\u00e1\u0161ho s\u00fahlasu na spracovanie osobn\u00fdch \u00fadajov pre marketingov\u00e9 \u00fa\u010dely.<\/p>\n<p><b>Spracovanie osobn\u00fdch \u00fadajov<\/b><\/p>\n<p>S\u00fahlasom so spracovan\u00ed osobn\u00fdch \u00fadajov\u00a0ude\u013euje dotknut\u00e1 osoba svoj v\u00fdslovn\u00fd s\u00fahlas s vy\u0161\u0161ie uveden\u00fdm spracovan\u00edm.\u00a0S\u00fahlas mo\u017eno vzia\u0165 kedyko\u013evek sp\u00e4\u0165, a to zaslan\u00edm p\u00edsomn\u00e9ho ozn\u00e1menia na adresu\u00a0<b>BulkTrans, s.r.o.,<\/b>\u00a0<b>Stavite\u013esk\u00e1 7, 83104 Bratislava<\/b> alebo zaslan\u00edm emailu na cez kontaktn\u00fd formul\u00e1r alebo na t\u00fato emailov\u00fa adresu:\u00a0 <a href=\"mailto:planning@bulktrans.sk\"><b>planning@bulktrans.sk<\/b><\/a><\/p>\n<ul>\n<li>Spracovanie osobn\u00fdch \u00fadajov je vykon\u00e1van\u00e9 Spr\u00e1vcom. Osobn\u00e9 \u00fadaje m\u00f4\u017eu spracov\u00e1va\u0165 aj t\u00edto spracovatelia:<\/li>\n<li>Poskytovate\u013e webhostingu EDPNet Belgium BV Bellestraat 30, 9100 Sint Niklaas, DIC: BE 0799.091.641<\/li>\n<li>Pr\u00edpadne \u010fal\u0161\u00ed poskytovatelia alebo dod\u00e1vatelia webov\u00fdch syst\u00e9mov, slu\u017eieb a aplik\u00e1ci\u00ed, ktor\u00e9 v s\u00fa\u010dasnej dobe spolo\u010dnos\u0165 vyu\u017e\u00edva. Google LLC, 1600 Amphitheatre Parkway, Mountain View, CA 94043, USA (\u201eGoogle\u201c) a Facebook, Inc., , 1 Hacker Way, Menlo Park, CA 94025 (\u201eFacebook\u201c). Spolo\u010dnos\u0165 Google a Facebook v\u00e1 m\u00f4\u017eu na z\u00e1klade t\u00fdchto \u00fadajov identifikova\u0165, o reklamnej kampani a n\u00e1v\u0161tevnosti web str\u00e1nky poskytuj\u00fa n\u00e1stroju Google Analytics.<\/li>\n<\/ul>\n<p><b>Pr\u00e1va na opravu, zabudnutie a pr\u00edstup k osobn\u00fdm \u00fadajom dotknutej osoby<\/b><\/p>\n<p>Pros\u00edm vezmite na vedomie, \u017ee pod\u013ea z\u00e1kona o ochrane osobn\u00fdch \u00fadajov m\u00e1 dotknut\u00e1 osoba pr\u00e1vo:<\/p>\n<ul>\n<li>vzia\u0165 s\u00fahlas kedyko\u013evek sp\u00e4\u0165,<\/li>\n<li>vy\u017eiada\u0165 od n\u00e1s inform\u00e1ciu, ak\u00e9 va\u0161e osobn\u00e9 \u00fadaje spracov\u00e1vame,<\/li>\n<li>vy\u017eiada\u0165 od n\u00e1s vysvetlenie oh\u013eadne spracovania osobn\u00fdch \u00fadajov,<\/li>\n<li>vy\u017eiada\u0165 si u n\u00e1s v\u00fdpis t\u00fdchto \u00fadajov a tieto necha\u0165 aktualizova\u0165 alebo opravi\u0165,<\/li>\n<li>po\u017eadova\u0165 od n\u00e1s vymazanie t\u00fdchto osobn\u00fdch \u00fadajov,<\/li>\n<li>v pr\u00edpade pochybnost\u00ed o dodr\u017eiavan\u00ed povinnost\u00ed s\u00favisiacich so spracovan\u00edm osobn\u00fdch \u00fadajov obr\u00e1ti\u0165 sa na n\u00e1s alebo na \u00darad na ochranu osobn\u00fdch \u00fadajov.<\/li>\n<\/ul>\n[\/vc_column_text][\/vc_column][\/vc_row][vc_row][vc_column][\/vc_column][\/vc_row]\n","protected":false},"excerpt":{"rendered":"<p>[vc_row css=&#8220;.vc_custom_1722876886732{padding-top: 50px !important;padding-bottom: 50px !important;}&#8220;][vc_column][vc_column_text] Ochrana a spracovanie osobn\u00fdch \u00fadajov a pr\u00e1va dotknutej osoby S\u00fahlas so spracovan\u00edm osobn\u00fdch \u00fadajov S\u00fahlasom so spracovan\u00ed osobn\u00fdch \u00fadajov povo\u013euje dotknut\u00e1 osoba spolo\u010dnosti\u00a0BulkTrans, s.r.o.,\u00a0so s\u00eddlom\u00a0Stavite\u013esk\u00e1 7, 83104 Bratislava, I\u010cO:\u00a046 203 915, zap\u00edsanej v Obchodnom registri Okresn\u00e9ho s\u00fadu Bratislava III, oddiel: Sro, vlo\u017eka \u010d. 73748\/B \u00a0(\u010ealej len \u201cSpr\u00e1vca\u201d), aby v zmysle z\u00e1kona \u010d. 18\/2018 Z. z. o ochrane osobn\u00fdch \u00fadajov a o zmene a doplnen\u00ed niektor\u00fdch z\u00e1konov (\u010falej len \u201cz\u00e1kon o ochrane osobn\u00fdch \u00fadajov\u201d) spracov\u00e1vala tieto osobn\u00e9 \u00fadaje dotknutej osoby: meno a priezvisko n\u00e1zov spolo\u010dnosti adresa e-mail telef\u00f3nne \u010d\u00edslo Meno, priezvisko, n\u00e1zov spolo\u010dnosti, adresa, telef\u00f3nne \u010d\u00edslo a e-mail je nutn\u00e9 spracova\u0165 za \u00fa\u010delom marketingov\u00fdch aktiv\u00edt\u00a0.\u00a0Tieto \u00fadaje bud\u00fa Spr\u00e1vcom spracovan\u00e9 po dobu neur\u010dit\u00fa a\u017e do odvolania V\u00e1\u0161ho s\u00fahlasu na spracovanie osobn\u00fdch \u00fadajov pre marketingov\u00e9 \u00fa\u010dely. Spracovanie osobn\u00fdch \u00fadajov S\u00fahlasom so spracovan\u00ed osobn\u00fdch \u00fadajov\u00a0ude\u013euje dotknut\u00e1 osoba svoj v\u00fdslovn\u00fd s\u00fahlas s vy\u0161\u0161ie uveden\u00fdm spracovan\u00edm.\u00a0S\u00fahlas mo\u017eno vzia\u0165 kedyko\u013evek sp\u00e4\u0165, a to zaslan\u00edm p\u00edsomn\u00e9ho ozn\u00e1menia na adresu\u00a0BulkTrans, s.r.o.,\u00a0Stavite\u013esk\u00e1 7, 83104 Bratislava alebo zaslan\u00edm emailu na cez kontaktn\u00fd formul\u00e1r alebo na t\u00fato emailov\u00fa adresu:\u00a0 planning@bulktrans.sk Spracovanie osobn\u00fdch \u00fadajov je vykon\u00e1van\u00e9 Spr\u00e1vcom. Osobn\u00e9 \u00fadaje m\u00f4\u017eu spracov\u00e1va\u0165 aj t\u00edto spracovatelia: Poskytovate\u013e webhostingu EDPNet Belgium BV Bellestraat 30, 9100 Sint Niklaas, DIC: BE 0799.091.641 Pr\u00edpadne \u010fal\u0161\u00ed poskytovatelia alebo dod\u00e1vatelia webov\u00fdch syst\u00e9mov, slu\u017eieb a aplik\u00e1ci\u00ed, ktor\u00e9 v s\u00fa\u010dasnej dobe spolo\u010dnos\u0165 vyu\u017e\u00edva. Google LLC, 1600 Amphitheatre Parkway, Mountain View, CA 94043, USA (\u201eGoogle\u201c) a Facebook, Inc., , 1 Hacker Way, Menlo Park, CA 94025 (\u201eFacebook\u201c). Spolo\u010dnos\u0165 Google a Facebook v\u00e1 m\u00f4\u017eu na z\u00e1klade t\u00fdchto \u00fadajov identifikova\u0165, o reklamnej kampani a n\u00e1v\u0161tevnosti web str\u00e1nky poskytuj\u00fa n\u00e1stroju Google Analytics. Pr\u00e1va na opravu, zabudnutie a pr\u00edstup k osobn\u00fdm \u00fadajom dotknutej osoby Pros\u00edm vezmite na vedomie, \u017ee pod\u013ea z\u00e1kona o ochrane osobn\u00fdch \u00fadajov m\u00e1 dotknut\u00e1 osoba pr\u00e1vo: vzia\u0165 s\u00fahlas kedyko\u013evek sp\u00e4\u0165, vy\u017eiada\u0165 od n\u00e1s inform\u00e1ciu, ak\u00e9 va\u0161e osobn\u00e9 \u00fadaje spracov\u00e1vame, vy\u017eiada\u0165 od n\u00e1s vysvetlenie oh\u013eadne spracovania osobn\u00fdch \u00fadajov, vy\u017eiada\u0165 si u n\u00e1s v\u00fdpis t\u00fdchto \u00fadajov a tieto necha\u0165 aktualizova\u0165 alebo opravi\u0165, po\u017eadova\u0165 od n\u00e1s vymazanie t\u00fdchto osobn\u00fdch \u00fadajov, v pr\u00edpade pochybnost\u00ed o dodr\u017eiavan\u00ed povinnost\u00ed s\u00favisiacich so spracovan\u00edm osobn\u00fdch \u00fadajov obr\u00e1ti\u0165 sa na n\u00e1s alebo na \u00darad na ochranu osobn\u00fdch \u00fadajov. [\/vc_column_text][\/vc_column][\/vc_row][vc_row][vc_column][\/vc_column][\/vc_row]<\/p>\n","protected":false},"author":1,"featured_media":0,"parent":0,"menu_order":0,"comment_status":"closed","ping_status":"closed","template":"","meta":{"footnotes":""},"class_list":["post-5","page","type-page","status-publish","hentry","entry","post-inner"],"_links":{"self":[{"href":"http:\/\/bulktrans.sk\/sk\/wp-json\/wp\/v2\/pages\/5","targetHints":{"allow":["GET"]}}],"collection":[{"href":"http:\/\/bulktrans.sk\/sk\/wp-json\/wp\/v2\/pages"}],"about":[{"href":"http:\/\/bulktrans.sk\/sk\/wp-json\/wp\/v2\/types\/page"}],"author":[{"embeddable":true,"href":"http:\/\/bulktrans.sk\/sk\/wp-json\/wp\/v2\/users\/1"}],"replies":[{"embeddable":true,"href":"http:\/\/bulktrans.sk\/sk\/wp-json\/wp\/v2\/comments?post=5"}],"version-history":[{"count":7,"href":"http:\/\/bulktrans.sk\/sk\/wp-json\/wp\/v2\/pages\/5\/revisions"}],"predecessor-version":[{"id":987,"href":"http:\/\/bulktrans.sk\/sk\/wp-json\/wp\/v2\/pages\/5\/revisions\/987"}],"wp:attachment":[{"href":"http:\/\/bulktrans.sk\/sk\/wp-json\/wp\/v2\/media?parent=5"}],"curies":[{"name":"wp","href":"https:\/\/api.w.org\/{rel}","templated":true}]}}