{"id":503,"date":"2016-11-23T12:12:55","date_gmt":"2016-11-23T11:12:55","guid":{"rendered":"http:\/\/bulktrans.sk\/draft\/?page_id=503"},"modified":"2019-03-12T11:15:24","modified_gmt":"2019-03-12T10:15:24","slug":"career","status":"publish","type":"page","link":"http:\/\/bulktrans.sk\/sk\/career\/","title":{"rendered":"Kari\u00e9ra"},"content":{"rendered":"[vc_row full_width=&#8220;stretch_row&#8220; parallax=&#8220;content-moving&#8220; css=&#8220;.vc_custom_1478966801269{padding-top: 40px !important;padding-bottom: 50px !important;background-color: #69d2e7 !important;}&#8220;][vc_column width=&#8220;1\/2&#8243;][vc_single_image image=&#8220;515&#8243; img_size=&#8220;full&#8220; alignment=&#8220;center&#8220;][\/vc_column][vc_column width=&#8220;1\/2&#8243;][vc_custom_heading source=&#8220;post_title&#8220; font_container=&#8220;tag:h2|font_size:26|text_align:left|color:%23ffffff&#8220; use_theme_fonts=&#8220;yes&#8220; css=&#8220;.vc_custom_1478902964101{padding-bottom: 10px !important;}&#8220;][vc_separator color=&#8220;custom&#8220; align=&#8220;align_left&#8220; border_width=&#8220;3&#8243; el_width=&#8220;20&#8243; accent_color=&#8220;#b2b2b2&#8243;][vc_column_text]Bulk Trans s.r.o. je dynamick\u00e1 spolo\u010dnos\u0165, ktor\u00e1 vzh\u013eadom na roz\u0161irovanie vozov\u00e9ho parku, z \u010dasu na \u010das h\u013ead\u00e1 nov\u00fdch spolupracovn\u00edkov.<\/p>\n<p>Pon\u00fakame zauj\u00edmav\u00fa pr\u00e1cu v mladom kolekt\u00edve, v\u00fdborn\u00e9 pracovn\u00e9 podmienky v pr\u00edjemnej pracovnej atmosf\u00e9re (r\u00f4zne firemn\u00e9 akcie), pravideln\u00e9 \u0161kolenia a dal\u0161ie rozv\u00edjanie profesion\u00e1lnych zru\u010dnost\u00ed vodi\u010dov za \u00fa\u010dasti \u0161kolitelov spolo\u010dnosti VOLVO.<\/p>\n<p>Na\u0161ou dev\u00edzou je korektn\u00e9 vypl\u00e1canie miezd na\u010das.<\/p>\n<p><strong>Ak by si sa chcel sta\u0165 \u010dlenom n\u00e1\u0161ho t\u00edmu, nev\u00e1haj a kontaktuj n\u00e1s.<\/strong>[\/vc_column_text][\/vc_column][\/vc_row][vc_row][vc_column][vc_custom_heading text=&#8220;Vo\u013en\u00e9 pracovn\u00e9 miesta a formul\u00e1r pre uch\u00e1dza\u010dov&#8220; font_container=&#8220;tag:h2|font_size:26|text_align:center&#8220; use_theme_fonts=&#8220;yes&#8220; css=&#8220;.vc_custom_1484250811225{padding-bottom: 10px !important;}&#8220;][vc_separator color=&#8220;custom&#8220; border_width=&#8220;3&#8243; el_width=&#8220;10&#8243; accent_color=&#8220;#b2b2b2&#8243;][\/vc_column][\/vc_row][vc_row][vc_column][vc_icon icon_fontawesome=&#8220;fa fa-users&#8220; color=&#8220;white&#8220; background_style=&#8220;rounded&#8220; background_color=&#8220;blue&#8220; size=&#8220;xl&#8220; align=&#8220;center&#8220; css_animation=&#8220;appear&#8220;][\/vc_column][\/vc_row][vc_row][vc_column width=&#8220;1\/2&#8243;][vc_custom_heading text=&#8220;Aktu\u00e1lne pracovn\u00e9 ponuky&#8220; font_container=&#8220;tag:h2|font_size:26|text_align:left&#8220; use_theme_fonts=&#8220;yes&#8220; css=&#8220;.vc_custom_1484250988262{padding-bottom: 10px !important;}&#8220;][vc_column_text]H\u013ead\u00e1me na pln\u00fd pracovn\u00fd \u00fav\u00e4zok (pr\u00e1ca na turnusy) vodi\u010dov medzin\u00e1rodnej kami\u00f3novej dopravy.<\/p>\n<p><b>Po\u017eiavky na zamestnanca<\/b><\/p>\n<ul>\n<li>vodi\u010dsk\u00fd preukaz skupiny C, E<\/li>\n<li>medzin\u00e1rodn\u00e1 karta vodi\u010da<\/li>\n<li>digit\u00e1lna karta do tachografu<\/li>\n<li>zdravotn\u00e1 a psychick\u00e1 sp\u00f4sobilos\u0165<\/li>\n<li>spo\u013eahlivos\u0165 a bez\u00fahonnos\u0165<\/li>\n<li>jazyky: angli\u010dtina, alebo nem\u010dina, alebo franc\u00faz\u0161tina, alebo ru\u0161tina<\/li>\n<\/ul>\n[\/vc_column_text][\/vc_column][vc_column width=&#8220;1\/2&#8243;][vc_column_text][dhvc_form id=&#8220;519&#8243;][\/vc_column_text][\/vc_column][\/vc_row]","protected":false},"excerpt":{"rendered":"<p>[vc_row full_width=&#8220;stretch_row&#8220; parallax=&#8220;content-moving&#8220; css=&#8220;.vc_custom_1478966801269{padding-top: 40px !important;padding-bottom: 50px !important;background-color: #69d2e7 !important;}&#8220;][vc_column width=&#8220;1\/2&#8243;][vc_single_image image=&#8220;515&#8243; img_size=&#8220;full&#8220; alignment=&#8220;center&#8220;][\/vc_column][vc_column width=&#8220;1\/2&#8243;][vc_custom_heading source=&#8220;post_title&#8220; font_container=&#8220;tag:h2|font_size:26|text_align:left|color:%23ffffff&#8220; use_theme_fonts=&#8220;yes&#8220; css=&#8220;.vc_custom_1478902964101{padding-bottom: 10px !important;}&#8220;][vc_separator color=&#8220;custom&#8220; align=&#8220;align_left&#8220; border_width=&#8220;3&#8243; el_width=&#8220;20&#8243; accent_color=&#8220;#b2b2b2&#8243;][vc_column_text]Bulk Trans s.r.o. je dynamick\u00e1 spolo\u010dnos\u0165, ktor\u00e1 vzh\u013eadom na roz\u0161irovanie vozov\u00e9ho parku, z \u010dasu na \u010das h\u013ead\u00e1 nov\u00fdch spolupracovn\u00edkov. Pon\u00fakame zauj\u00edmav\u00fa pr\u00e1cu v mladom kolekt\u00edve, v\u00fdborn\u00e9 pracovn\u00e9 podmienky v pr\u00edjemnej pracovnej atmosf\u00e9re (r\u00f4zne firemn\u00e9 akcie), pravideln\u00e9 \u0161kolenia a dal\u0161ie rozv\u00edjanie profesion\u00e1lnych zru\u010dnost\u00ed vodi\u010dov za \u00fa\u010dasti \u0161kolitelov spolo\u010dnosti VOLVO. Na\u0161ou dev\u00edzou je korektn\u00e9 vypl\u00e1canie miezd na\u010das. Ak by si sa chcel sta\u0165 \u010dlenom n\u00e1\u0161ho t\u00edmu, nev\u00e1haj a kontaktuj n\u00e1s.[\/vc_column_text][\/vc_column][\/vc_row][vc_row][vc_column][vc_custom_heading text=&#8220;Vo\u013en\u00e9 pracovn\u00e9 miesta a formul\u00e1r pre uch\u00e1dza\u010dov&#8220; font_container=&#8220;tag:h2|font_size:26|text_align:center&#8220; use_theme_fonts=&#8220;yes&#8220; css=&#8220;.vc_custom_1484250811225{padding-bottom: 10px !important;}&#8220;][vc_separator color=&#8220;custom&#8220; border_width=&#8220;3&#8243; el_width=&#8220;10&#8243; accent_color=&#8220;#b2b2b2&#8243;][\/vc_column][\/vc_row][vc_row][vc_column][vc_icon icon_fontawesome=&#8220;fa fa-users&#8220; color=&#8220;white&#8220; background_style=&#8220;rounded&#8220; background_color=&#8220;blue&#8220; size=&#8220;xl&#8220; align=&#8220;center&#8220; css_animation=&#8220;appear&#8220;][\/vc_column][\/vc_row][vc_row][vc_column width=&#8220;1\/2&#8243;][vc_custom_heading text=&#8220;Aktu\u00e1lne pracovn\u00e9 ponuky&#8220; font_container=&#8220;tag:h2|font_size:26|text_align:left&#8220; use_theme_fonts=&#8220;yes&#8220; css=&#8220;.vc_custom_1484250988262{padding-bottom: 10px !important;}&#8220;][vc_column_text]H\u013ead\u00e1me na pln\u00fd pracovn\u00fd \u00fav\u00e4zok (pr\u00e1ca na turnusy) vodi\u010dov medzin\u00e1rodnej kami\u00f3novej dopravy. Po\u017eiavky na zamestnanca vodi\u010dsk\u00fd preukaz skupiny C, E medzin\u00e1rodn\u00e1 karta vodi\u010da digit\u00e1lna karta do tachografu zdravotn\u00e1 a psychick\u00e1 sp\u00f4sobilos\u0165 spo\u013eahlivos\u0165 a bez\u00fahonnos\u0165 jazyky: angli\u010dtina, alebo nem\u010dina, alebo franc\u00faz\u0161tina, alebo ru\u0161tina [\/vc_column_text][\/vc_column][vc_column width=&#8220;1\/2&#8243;][vc_column_text][dhvc_form id=&#8220;519&#8243;][\/vc_column_text][\/vc_column][\/vc_row]<\/p>\n","protected":false},"author":1,"featured_media":0,"parent":0,"menu_order":0,"comment_status":"closed","ping_status":"closed","template":"","meta":{"footnotes":""},"class_list":["post-503","page","type-page","status-publish","hentry","entry","post-inner"],"_links":{"self":[{"href":"http:\/\/bulktrans.sk\/sk\/wp-json\/wp\/v2\/pages\/503","targetHints":{"allow":["GET"]}}],"collection":[{"href":"http:\/\/bulktrans.sk\/sk\/wp-json\/wp\/v2\/pages"}],"about":[{"href":"http:\/\/bulktrans.sk\/sk\/wp-json\/wp\/v2\/types\/page"}],"author":[{"embeddable":true,"href":"http:\/\/bulktrans.sk\/sk\/wp-json\/wp\/v2\/users\/1"}],"replies":[{"embeddable":true,"href":"http:\/\/bulktrans.sk\/sk\/wp-json\/wp\/v2\/comments?post=503"}],"version-history":[{"count":1,"href":"http:\/\/bulktrans.sk\/sk\/wp-json\/wp\/v2\/pages\/503\/revisions"}],"predecessor-version":[{"id":885,"href":"http:\/\/bulktrans.sk\/sk\/wp-json\/wp\/v2\/pages\/503\/revisions\/885"}],"wp:attachment":[{"href":"http:\/\/bulktrans.sk\/sk\/wp-json\/wp\/v2\/media?parent=503"}],"curies":[{"name":"wp","href":"https:\/\/api.w.org\/{rel}","templated":true}]}}