{"id":575,"date":"2016-12-09T11:11:23","date_gmt":"2016-12-09T10:11:23","guid":{"rendered":"http:\/\/bulktrans.sk\/draft\/?page_id=575"},"modified":"2026-02-16T07:12:40","modified_gmt":"2026-02-16T06:12:40","slug":"contacts","status":"publish","type":"page","link":"http:\/\/bulktrans.sk\/sk\/contacts\/","title":{"rendered":"Kontakt"},"content":{"rendered":"[vc_row full_width=&#8220;stretch_row&#8220; parallax=&#8220;content-moving&#8220; css=&#8220;.vc_custom_1478966801269{padding-top: 40px !important;padding-bottom: 50px !important;background-color: #69d2e7 !important;}&#8220;][vc_column width=&#8220;1\/2&#8243;][vc_gmaps link=&#8220;#E-8_JTNDaWZyYW1lJTIwc3JjJTNEJTIyaHR0cHMlM0ElMkYlMkZ3d3cuZ29vZ2xlLmNvbSUyRm1hcHMlMkZlbWJlZCUzRnBiJTNEJTIxMW0xOCUyMTFtMTIlMjExbTMlMjExZDI2MzYuODM0NzIyMDY2MzU5JTIxMmQxNy4xNjc1MDI3ODI0NDQwOTYlMjEzZDQ4LjE5MTU4MjU5MTI1ODY1JTIxMm0zJTIxMWYwJTIxMmYwJTIxM2YwJTIxM20yJTIxMWkxMDI0JTIxMmk3NjglMjE0ZjEzLjElMjEzbTMlMjExbTIlMjExczB4NDc2YzhmZGM4YTg5MDg1ZCUyNTNBMHgyNzZmZGVmMDY4NzQyYzg5JTIxMnNCdWxrJTJCVHJhbnMlMjUyQyUyQnMuci5vLiUyMTVlMCUyMTNtMiUyMTFzc2slMjEyc3NrJTIxNHYxNTYzNzkzMTU3MzIwJTIxNW0yJTIxMXNzayUyMTJzc2slMjIlMjB3aWR0aCUzRCUyMjYwMCUyMiUyMGhlaWdodCUzRCUyMjU1MCUyMiUyMGZyYW1lYm9yZGVyJTNEJTIyMCUyMiUyMHN0eWxlJTNEJTIyYm9yZGVyJTNBMCUyMiUyMGFsbG93ZnVsbHNjcmVlbiUzRSUzQyUyRmlmcmFtZSUzRQ==&#8220;][\/vc_column][vc_column width=&#8220;1\/2&#8243;][vc_custom_heading source=&#8220;post_title&#8220; font_container=&#8220;tag:h2|font_size:26|text_align:left|color:%23ffffff&#8220; use_theme_fonts=&#8220;yes&#8220; css=&#8220;.vc_custom_1478902964101{padding-bottom: 10px !important;}&#8220;][vc_separator color=&#8220;custom&#8220; align=&#8220;align_left&#8220; border_width=&#8220;3&#8243; el_width=&#8220;20&#8243; accent_color=&#8220;#b2b2b2&#8243;][vc_row_inner][vc_column_inner width=&#8220;1\/6&#8243;][vc_icon icon_fontawesome=&#8220;fa fa-home&#8220; color=&#8220;white&#8220; size=&#8220;xl&#8220;][\/vc_column_inner][vc_column_inner width=&#8220;5\/6&#8243;][vc_column_text]\n<h4><span style=\"color: #ffffff;\">Adresa:<\/span><\/h4>\n<p><strong>Bulk Trans, s.r.o.<br \/>\n<\/strong>Stavite\u013esk\u00e1 7, 831 04 Bratislava<br \/>\nSlovakia<\/p>\n<p>I\u010cO: 46203915<br \/>\nDI\u010c: 2023284450<br \/>\nI\u010c DPH: SK2023284450[\/vc_column_text][\/vc_column_inner][\/vc_row_inner][vc_row_inner][vc_column_inner width=&#8220;1\/6&#8243;][vc_icon icon_fontawesome=&#8220;fa fa-phone&#8220; color=&#8220;white&#8220; size=&#8220;xl&#8220;][\/vc_column_inner][vc_column_inner width=&#8220;5\/6&#8243;][vc_column_text]\n<h4><span style=\"color: #ffffff;\">Telef\u00f3n:<\/span><\/h4>\n<p>Gener\u00e1lny riadite\u013e: +421 948 874 388<br \/>\nAdministrat\u00edva: +421 910 988 588[\/vc_column_text][\/vc_column_inner][\/vc_row_inner][vc_row_inner][vc_column_inner width=&#8220;1\/6&#8243;][vc_icon icon_fontawesome=&#8220;fa fa-envelope&#8220; color=&#8220;white&#8220; size=&#8220;xl&#8220;][\/vc_column_inner][vc_column_inner width=&#8220;5\/6&#8243;][vc_column_text css_animation=&#8220;none&#8220;]\n<h4><span style=\"color: #ffffff;\">E-mail:<\/span><\/h4>\n<p class=\"p1\"><span class=\"s1\"><a href=\"mailto:planning@bulktrans.sk\"><span class=\"s2\">planning@bulktrans.sk<\/span><\/a><br \/>\n<\/span><a href=\"mailto:klaudia@bulktrans.sk\">klaudia@bulktrans.sk<\/a> &#8211; administrat\u00edva, personalistika<br \/>\n<a href=\"mailto:viktoria@bulktrans.sk\"> viktoria@bulktrans.sk<\/a> &#8211; general manager<\/p>\n[\/vc_column_text][\/vc_column_inner][\/vc_row_inner][\/vc_column][\/vc_row][vc_row css=&#8220;.vc_custom_1481302019350{padding-bottom: 20px !important;}&#8220;][vc_column][vc_custom_heading text=&#8220;Kontaktn\u00fd formul\u00e1r&#8220; font_container=&#8220;tag:h2|font_size:26|text_align:center&#8220; use_theme_fonts=&#8220;yes&#8220; css=&#8220;.vc_custom_1484585810966{padding-bottom: 10px !important;}&#8220;][vc_separator color=&#8220;custom&#8220; border_width=&#8220;3&#8243; el_width=&#8220;10&#8243; accent_color=&#8220;#b2b2b2&#8243;][dhvc_form id=&#8220;633&#8243;][\/vc_column][\/vc_row]","protected":false},"excerpt":{"rendered":"<p>[vc_row full_width=&#8220;stretch_row&#8220; parallax=&#8220;content-moving&#8220; css=&#8220;.vc_custom_1478966801269{padding-top: 40px !important;padding-bottom: 50px !important;background-color: #69d2e7 !important;}&#8220;][vc_column width=&#8220;1\/2&#8243;][vc_gmaps link=&#8220;#E-8_JTNDaWZyYW1lJTIwc3JjJTNEJTIyaHR0cHMlM0ElMkYlMkZ3d3cuZ29vZ2xlLmNvbSUyRm1hcHMlMkZlbWJlZCUzRnBiJTNEJTIxMW0xOCUyMTFtMTIlMjExbTMlMjExZDI2MzYuODM0NzIyMDY2MzU5JTIxMmQxNy4xNjc1MDI3ODI0NDQwOTYlMjEzZDQ4LjE5MTU4MjU5MTI1ODY1JTIxMm0zJTIxMWYwJTIxMmYwJTIxM2YwJTIxM20yJTIxMWkxMDI0JTIxMmk3NjglMjE0ZjEzLjElMjEzbTMlMjExbTIlMjExczB4NDc2YzhmZGM4YTg5MDg1ZCUyNTNBMHgyNzZmZGVmMDY4NzQyYzg5JTIxMnNCdWxrJTJCVHJhbnMlMjUyQyUyQnMuci5vLiUyMTVlMCUyMTNtMiUyMTFzc2slMjEyc3NrJTIxNHYxNTYzNzkzMTU3MzIwJTIxNW0yJTIxMXNzayUyMTJzc2slMjIlMjB3aWR0aCUzRCUyMjYwMCUyMiUyMGhlaWdodCUzRCUyMjU1MCUyMiUyMGZyYW1lYm9yZGVyJTNEJTIyMCUyMiUyMHN0eWxlJTNEJTIyYm9yZGVyJTNBMCUyMiUyMGFsbG93ZnVsbHNjcmVlbiUzRSUzQyUyRmlmcmFtZSUzRQ==&#8220;][\/vc_column][vc_column width=&#8220;1\/2&#8243;][vc_custom_heading source=&#8220;post_title&#8220; font_container=&#8220;tag:h2|font_size:26|text_align:left|color:%23ffffff&#8220; use_theme_fonts=&#8220;yes&#8220; css=&#8220;.vc_custom_1478902964101{padding-bottom: 10px !important;}&#8220;][vc_separator color=&#8220;custom&#8220; align=&#8220;align_left&#8220; border_width=&#8220;3&#8243; el_width=&#8220;20&#8243; accent_color=&#8220;#b2b2b2&#8243;][vc_row_inner][vc_column_inner width=&#8220;1\/6&#8243;][vc_icon icon_fontawesome=&#8220;fa fa-home&#8220; color=&#8220;white&#8220; size=&#8220;xl&#8220;][\/vc_column_inner][vc_column_inner width=&#8220;5\/6&#8243;][vc_column_text] Adresa: Bulk Trans, s.r.o. Stavite\u013esk\u00e1 7, 831 04 Bratislava Slovakia I\u010cO: 46203915 DI\u010c: 2023284450 I\u010c DPH: SK2023284450[\/vc_column_text][\/vc_column_inner][\/vc_row_inner][vc_row_inner][vc_column_inner width=&#8220;1\/6&#8243;][vc_icon icon_fontawesome=&#8220;fa fa-phone&#8220; color=&#8220;white&#8220; size=&#8220;xl&#8220;][\/vc_column_inner][vc_column_inner width=&#8220;5\/6&#8243;][vc_column_text] Telef\u00f3n: Gener\u00e1lny riadite\u013e: +421 948 874 388 Administrat\u00edva: +421 910 988 588[\/vc_column_text][\/vc_column_inner][\/vc_row_inner][vc_row_inner][vc_column_inner width=&#8220;1\/6&#8243;][vc_icon icon_fontawesome=&#8220;fa fa-envelope&#8220; color=&#8220;white&#8220; size=&#8220;xl&#8220;][\/vc_column_inner][vc_column_inner width=&#8220;5\/6&#8243;][vc_column_text css_animation=&#8220;none&#8220;] E-mail: planning@bulktrans.sk klaudia@bulktrans.sk &#8211; administrat\u00edva, personalistika viktoria@bulktrans.sk &#8211; general manager [\/vc_column_text][\/vc_column_inner][\/vc_row_inner][\/vc_column][\/vc_row][vc_row css=&#8220;.vc_custom_1481302019350{padding-bottom: 20px !important;}&#8220;][vc_column][vc_custom_heading text=&#8220;Kontaktn\u00fd formul\u00e1r&#8220; font_container=&#8220;tag:h2|font_size:26|text_align:center&#8220; use_theme_fonts=&#8220;yes&#8220; css=&#8220;.vc_custom_1484585810966{padding-bottom: 10px !important;}&#8220;][vc_separator color=&#8220;custom&#8220; border_width=&#8220;3&#8243; el_width=&#8220;10&#8243; accent_color=&#8220;#b2b2b2&#8243;][dhvc_form id=&#8220;633&#8243;][\/vc_column][\/vc_row]<\/p>\n","protected":false},"author":1,"featured_media":0,"parent":0,"menu_order":0,"comment_status":"closed","ping_status":"closed","template":"","meta":{"footnotes":""},"class_list":["post-575","page","type-page","status-publish","hentry","entry","post-inner"],"_links":{"self":[{"href":"http:\/\/bulktrans.sk\/sk\/wp-json\/wp\/v2\/pages\/575","targetHints":{"allow":["GET"]}}],"collection":[{"href":"http:\/\/bulktrans.sk\/sk\/wp-json\/wp\/v2\/pages"}],"about":[{"href":"http:\/\/bulktrans.sk\/sk\/wp-json\/wp\/v2\/types\/page"}],"author":[{"embeddable":true,"href":"http:\/\/bulktrans.sk\/sk\/wp-json\/wp\/v2\/users\/1"}],"replies":[{"embeddable":true,"href":"http:\/\/bulktrans.sk\/sk\/wp-json\/wp\/v2\/comments?post=575"}],"version-history":[{"count":19,"href":"http:\/\/bulktrans.sk\/sk\/wp-json\/wp\/v2\/pages\/575\/revisions"}],"predecessor-version":[{"id":1021,"href":"http:\/\/bulktrans.sk\/sk\/wp-json\/wp\/v2\/pages\/575\/revisions\/1021"}],"wp:attachment":[{"href":"http:\/\/bulktrans.sk\/sk\/wp-json\/wp\/v2\/media?parent=575"}],"curies":[{"name":"wp","href":"https:\/\/api.w.org\/{rel}","templated":true}]}}