{"id":95,"date":"2016-11-11T19:40:12","date_gmt":"2016-11-11T18:40:12","guid":{"rendered":"http:\/\/bulktrans.sk\/draft\/?page_id=95"},"modified":"2026-03-02T16:29:53","modified_gmt":"2026-03-02T15:29:53","slug":"about","status":"publish","type":"page","link":"http:\/\/bulktrans.sk\/sk\/about\/","title":{"rendered":"O n\u00e1s"},"content":{"rendered":"[vc_row full_width=&#8220;stretch_row&#8220; parallax=&#8220;content-moving&#8220; css=&#8220;.vc_custom_1478966801269{padding-top: 40px !important;padding-bottom: 50px !important;background-color: #69d2e7 !important;}&#8220;][vc_column width=&#8220;1\/2&#8243;][vc_single_image image=&#8220;935&#8243; img_size=&#8220;full&#8220; add_caption=&#8220;yes&#8220;][\/vc_column][vc_column width=&#8220;1\/2&#8243;][vc_custom_heading source=&#8220;post_title&#8220; font_container=&#8220;tag:h2|font_size:26|text_align:left|color:%23ffffff&#8220; use_theme_fonts=&#8220;yes&#8220; css=&#8220;.vc_custom_1478902964101{padding-bottom: 10px !important;}&#8220;][vc_separator color=&#8220;custom&#8220; align=&#8220;align_left&#8220; border_width=&#8220;3&#8243; el_width=&#8220;20&#8243; accent_color=&#8220;#b2b2b2&#8243;][vc_column_text]Bulk Trans s.r.o. je dopravn\u00e1 spolo\u010dnos\u0165, ktor\u00e1 spln\u00ed v\u0161etky va\u0161e logistick\u00e9 po\u017eiadavky. Pon\u00fakame medzin\u00e1rodn\u00fa n\u00e1kladn\u00fa dopravu, hlavne prepravn\u00fdm prostriedkom, navesov\u00fdmi silami, kontajnerov\u00fa dopravu, skladovanie a\u00a0prekl\u00e1dku.<\/p>\n<p>Bulk Trans s.r.o. je rodinn\u00e1 firma s\u00a0mnohoro\u010dn\u00fdmi sk\u00fasenos\u0165ami v\u00a0oblasti transportu sypk\u00fdch materi\u00e1lov. Spolo\u010dnos\u0165 m\u00e1 okolo 30 zamestnacov.<\/p>\n<p><strong>Kvalita slu\u017eieb, bezpe\u010dnos\u0165 a na\u0161i zamestnanci s\u00fa pre n\u00e1s k\u013e\u00fa\u010dov\u00e9 faktory.<\/strong><\/p>\n<p>S\u00fahra t\u00fdchto faktorov je ve\u013emi d\u00f4le\u017eit\u00e1 pre udr\u017eanie spokojnosti a\u00a0vytv\u00e1rania pridanej hodnoty pre na\u0161ich z\u00e1kazn\u00edkov. S\u00eddla na\u0161ich k\u013e\u00fa\u010dov\u00fdch klientov sa nach\u00e1dzaj\u00fa v \u0161t\u00e1toch Beneluxu, Franc\u00fazsko, Nemecko, Anglicko.<\/p>\n<p><strong>Na\u0161im kr\u00e9dom je neuspokoji\u0165 sa s\u00a0ve\u013emi dobr\u00fdm, sna\u017e\u00edme sa o\u00a0dokonalos\u0165!<\/strong>[\/vc_column_text][\/vc_column][\/vc_row][vc_row][vc_column][vc_custom_heading text=&#8220;Kvalita &#8211; Bezpe\u010dnos\u0165 &#8211; \u017divotn\u00e9 prostredie&#8220; font_container=&#8220;tag:h2|font_size:26|text_align:center&#8220; use_theme_fonts=&#8220;yes&#8220; css=&#8220;.vc_custom_1483486411892{padding-bottom: 10px !important;}&#8220;][vc_separator color=&#8220;custom&#8220; border_width=&#8220;3&#8243; el_width=&#8220;10&#8243; accent_color=&#8220;#b2b2b2&#8243;][\/vc_column][\/vc_row][vc_row css=&#8220;.vc_custom_1483973414474{padding-bottom: 30px !important;}&#8220;][vc_column width=&#8220;1\/2&#8243;][vc_column_text]Kvalita, bezpe\u010dnos\u0165 a\u00a0\u017eivotn\u00e9 prostredie s\u00fa pre n\u00e1s prioritou. Tu m\u00e1me vysok\u00e9 \u0161tandardy a\u00a0po\u017eiadavky. <strong>Sme dr\u017eitelia certifik\u00e1tu KIWA<\/strong>.<\/p>\n<p>\u017de kvalita \u017eivotn\u00e9ho prostredia je pre n\u00e1s ve\u013emi d\u00f4le\u017eit\u00e1 nasved\u010duje aj to, \u017ee sme nak\u00fapili Euro 6 kami\u00f3ny a\u00a0teraz u\u017e m\u00e1me 95 % cel\u00e9ho vozov\u00e9ho parku vybaven\u00e9ho kami\u00f3nmi Euro 6.<\/p>\n<p>Pri za\u0161kolovan\u00ed na\u0161ich vodi\u010dov sa kladie ve\u013ek\u00fd d\u00f4raz na ekonomick\u00fd \u00fasporn\u00fd \u0161t\u00fdl jazdy. \u010co zaru\u010duje ekologicky priazniv\u00fd vplyv na \u017eivotn\u00e9 prostredie.<\/p>\n<p>&nbsp;<\/p>\n<p><img loading=\"lazy\" decoding=\"async\" class=\"alignnone size-medium wp-image-921\" src=\"http:\/\/bulktrans.sk\/wp-content\/uploads\/2019\/07\/FCA-e1563794282204-300x171.jpg\" alt=\"\" width=\"300\" height=\"171\" srcset=\"http:\/\/bulktrans.sk\/wp-content\/uploads\/2019\/07\/FCA-e1563794282204-300x171.jpg 300w, http:\/\/bulktrans.sk\/wp-content\/uploads\/2019\/07\/FCA-e1563794282204.jpg 386w\" sizes=\"auto, (max-width: 300px) 100vw, 300px\" \/>[\/vc_column_text][vc_media_grid element_width=&#8220;3&#8243; gap=&#8220;10&#8243; grid_id=&#8220;vc_gid:1772465114507-02c76d64-50b0-6&#8243;][\/vc_column][vc_column width=&#8220;1\/2&#8243;][vc_single_image image=&#8220;1039&#8243; img_size=&#8220;full&#8220; alignment=&#8220;center&#8220;][\/vc_column][\/vc_row]","protected":false},"excerpt":{"rendered":"<p>[vc_row full_width=&#8220;stretch_row&#8220; parallax=&#8220;content-moving&#8220; css=&#8220;.vc_custom_1478966801269{padding-top: 40px !important;padding-bottom: 50px !important;background-color: #69d2e7 !important;}&#8220;][vc_column width=&#8220;1\/2&#8243;][vc_single_image image=&#8220;935&#8243; img_size=&#8220;full&#8220; add_caption=&#8220;yes&#8220;][\/vc_column][vc_column width=&#8220;1\/2&#8243;][vc_custom_heading source=&#8220;post_title&#8220; font_container=&#8220;tag:h2|font_size:26|text_align:left|color:%23ffffff&#8220; use_theme_fonts=&#8220;yes&#8220; css=&#8220;.vc_custom_1478902964101{padding-bottom: 10px !important;}&#8220;][vc_separator color=&#8220;custom&#8220; align=&#8220;align_left&#8220; border_width=&#8220;3&#8243; el_width=&#8220;20&#8243; accent_color=&#8220;#b2b2b2&#8243;][vc_column_text]Bulk Trans s.r.o. je dopravn\u00e1 spolo\u010dnos\u0165, ktor\u00e1 spln\u00ed v\u0161etky va\u0161e logistick\u00e9 po\u017eiadavky. Pon\u00fakame medzin\u00e1rodn\u00fa n\u00e1kladn\u00fa dopravu, hlavne prepravn\u00fdm prostriedkom, navesov\u00fdmi silami, kontajnerov\u00fa dopravu, skladovanie a\u00a0prekl\u00e1dku. Bulk Trans s.r.o. je rodinn\u00e1 firma s\u00a0mnohoro\u010dn\u00fdmi sk\u00fasenos\u0165ami v\u00a0oblasti transportu sypk\u00fdch materi\u00e1lov. Spolo\u010dnos\u0165 m\u00e1 okolo 30 zamestnacov. Kvalita slu\u017eieb, bezpe\u010dnos\u0165 a na\u0161i zamestnanci s\u00fa pre n\u00e1s k\u013e\u00fa\u010dov\u00e9 faktory. S\u00fahra t\u00fdchto faktorov je ve\u013emi d\u00f4le\u017eit\u00e1 pre udr\u017eanie spokojnosti a\u00a0vytv\u00e1rania pridanej hodnoty pre na\u0161ich z\u00e1kazn\u00edkov. S\u00eddla na\u0161ich k\u013e\u00fa\u010dov\u00fdch klientov sa nach\u00e1dzaj\u00fa v \u0161t\u00e1toch Beneluxu, Franc\u00fazsko, Nemecko, Anglicko. Na\u0161im kr\u00e9dom je neuspokoji\u0165 sa s\u00a0ve\u013emi dobr\u00fdm, sna\u017e\u00edme sa o\u00a0dokonalos\u0165![\/vc_column_text][\/vc_column][\/vc_row][vc_row][vc_column][vc_custom_heading text=&#8220;Kvalita &#8211; Bezpe\u010dnos\u0165 &#8211; \u017divotn\u00e9 prostredie&#8220; font_container=&#8220;tag:h2|font_size:26|text_align:center&#8220; use_theme_fonts=&#8220;yes&#8220; css=&#8220;.vc_custom_1483486411892{padding-bottom: 10px !important;}&#8220;][vc_separator color=&#8220;custom&#8220; border_width=&#8220;3&#8243; el_width=&#8220;10&#8243; accent_color=&#8220;#b2b2b2&#8243;][\/vc_column][\/vc_row][vc_row css=&#8220;.vc_custom_1483973414474{padding-bottom: 30px !important;}&#8220;][vc_column width=&#8220;1\/2&#8243;][vc_column_text]Kvalita, bezpe\u010dnos\u0165 a\u00a0\u017eivotn\u00e9 prostredie s\u00fa pre n\u00e1s prioritou. Tu m\u00e1me vysok\u00e9 \u0161tandardy a\u00a0po\u017eiadavky. Sme dr\u017eitelia certifik\u00e1tu KIWA. \u017de kvalita \u017eivotn\u00e9ho prostredia je pre n\u00e1s ve\u013emi d\u00f4le\u017eit\u00e1 nasved\u010duje aj to, \u017ee sme nak\u00fapili Euro 6 kami\u00f3ny a\u00a0teraz u\u017e m\u00e1me 95 % cel\u00e9ho vozov\u00e9ho parku vybaven\u00e9ho kami\u00f3nmi Euro 6. Pri za\u0161kolovan\u00ed na\u0161ich vodi\u010dov sa kladie ve\u013ek\u00fd d\u00f4raz na ekonomick\u00fd \u00fasporn\u00fd \u0161t\u00fdl jazdy. \u010co zaru\u010duje ekologicky priazniv\u00fd vplyv na \u017eivotn\u00e9 prostredie. &nbsp; [\/vc_column_text][vc_media_grid element_width=&#8220;3&#8243; gap=&#8220;10&#8243; grid_id=&#8220;vc_gid:1772465114507-02c76d64-50b0-6&#8243;][\/vc_column][vc_column width=&#8220;1\/2&#8243;][vc_single_image image=&#8220;1039&#8243; img_size=&#8220;full&#8220; alignment=&#8220;center&#8220;][\/vc_column][\/vc_row]<\/p>\n","protected":false},"author":1,"featured_media":0,"parent":0,"menu_order":0,"comment_status":"closed","ping_status":"closed","template":"","meta":{"footnotes":""},"class_list":["post-95","page","type-page","status-publish","hentry","entry","post-inner"],"_links":{"self":[{"href":"http:\/\/bulktrans.sk\/sk\/wp-json\/wp\/v2\/pages\/95","targetHints":{"allow":["GET"]}}],"collection":[{"href":"http:\/\/bulktrans.sk\/sk\/wp-json\/wp\/v2\/pages"}],"about":[{"href":"http:\/\/bulktrans.sk\/sk\/wp-json\/wp\/v2\/types\/page"}],"author":[{"embeddable":true,"href":"http:\/\/bulktrans.sk\/sk\/wp-json\/wp\/v2\/users\/1"}],"replies":[{"embeddable":true,"href":"http:\/\/bulktrans.sk\/sk\/wp-json\/wp\/v2\/comments?post=95"}],"version-history":[{"count":18,"href":"http:\/\/bulktrans.sk\/sk\/wp-json\/wp\/v2\/pages\/95\/revisions"}],"predecessor-version":[{"id":1067,"href":"http:\/\/bulktrans.sk\/sk\/wp-json\/wp\/v2\/pages\/95\/revisions\/1067"}],"wp:attachment":[{"href":"http:\/\/bulktrans.sk\/sk\/wp-json\/wp\/v2\/media?parent=95"}],"curies":[{"name":"wp","href":"https:\/\/api.w.org\/{rel}","templated":true}]}}