{"id":991,"date":"2024-08-05T19:24:45","date_gmt":"2024-08-05T17:24:45","guid":{"rendered":"http:\/\/bulktrans.sk\/?page_id=991"},"modified":"2024-08-05T19:29:45","modified_gmt":"2024-08-05T17:29:45","slug":"pouzivanie-cookies","status":"publish","type":"page","link":"http:\/\/bulktrans.sk\/sk\/pouzivanie-cookies\/","title":{"rendered":"Pou\u017e\u00edvanie cookies"},"content":{"rendered":"[vc_row css=&#8220;.vc_custom_1722878733233{padding-top: 50px !important;padding-bottom: 50px !important;}&#8220;][vc_column][vc_column_text]\n<p class=\"cc-cp-body-content-entry-title\"><b>Va\u0161e s\u00fakromie je pre n\u00e1s d\u00f4le\u017eit\u00e9<\/b><\/p>\n<p class=\"cc-cp-body-content-entry-text\">S\u00fabory cookie s\u00fa ve\u013emi mal\u00e9 textov\u00e9 s\u00fabory, ktor\u00e9 sa ukladaj\u00fa do v\u00e1\u0161ho po\u010d\u00edta\u010da pri n\u00e1v\u0161teve webovej str\u00e1nky. S\u00fabory cookie pou\u017e\u00edvame na r\u00f4zne \u00fa\u010dely a na zlep\u0161enie v\u00e1\u0161ho online z\u00e1\u017eitku z na\u0161ej webovej str\u00e1nky (napr\u00edklad na zapam\u00e4tanie prihlasovac\u00edch \u00fadajov v\u00e1\u0161ho \u00fa\u010dtu).<\/p>\n<p class=\"cc-cp-body-content-entry-text\">M\u00f4\u017eete zmeni\u0165 svoje predvo\u013eby a odmietnu\u0165 ur\u010dit\u00e9 typy s\u00faborov cookie, ktor\u00e9 sa maj\u00fa uklada\u0165 vo va\u0161om po\u010d\u00edta\u010di pri prehliadan\u00ed na\u0161ich webov\u00fdch str\u00e1nok. M\u00f4\u017eete tie\u017e odstr\u00e1ni\u0165 v\u0161etky s\u00fabory cookie, ktor\u00e9 s\u00fa u\u017e ulo\u017een\u00e9 vo va\u0161om po\u010d\u00edta\u010di, ale nezabudnite, \u017ee vymazanie s\u00faborov cookie v\u00e1m m\u00f4\u017ee zabr\u00e1ni\u0165 v pou\u017e\u00edvan\u00ed \u010dast\u00ed na\u0161ej webovej str\u00e1nky.<\/p>\n<p class=\"cc-cp-body-content-entry-title\"><b>Nevyhnutne potrebn\u00e9 cookies<\/b><\/p>\n<p class=\"cc-cp-body-content-entry-text\">Tieto s\u00fabory cookie s\u00fa nevyhnutn\u00e9 na to, aby sme v\u00e1m mohli poskytova\u0165 slu\u017eby dostupn\u00e9 prostredn\u00edctvom na\u0161ej webovej str\u00e1nky a aby ste mohli pou\u017e\u00edva\u0165 ur\u010dit\u00e9 funkcie na\u0161ej webovej str\u00e1nky.<\/p>\n<p class=\"cc-cp-body-content-entry-text\">Bez t\u00fdchto s\u00faborov cookie v\u00e1m nem\u00f4\u017eeme poskytn\u00fa\u0165 ur\u010dit\u00e9 slu\u017eby na na\u0161om webe.<\/p>\n<p class=\"cc-cp-body-content-entry-title\"><b>Funk\u010dn\u00e9 cookies<\/b><\/p>\n<p class=\"cc-cp-body-content-entry-text\">Tieto s\u00fabory cookie sa pou\u017e\u00edvaj\u00fa na to, aby v\u00e1m poskytli osobnej\u0161ie prostredie na na\u0161ej webovej str\u00e1nke, a na zapam\u00e4tanie si rozhodnut\u00ed, ktor\u00e9 urob\u00edte pri pou\u017e\u00edvan\u00ed na\u0161ej webovej str\u00e1nky.<\/p>\n<p class=\"cc-cp-body-content-entry-text\">Napr\u00edklad m\u00f4\u017eeme pou\u017ei\u0165 funk\u010dn\u00e9 cookies na zapam\u00e4tanie va\u0161ich jazykov\u00fdch preferenci\u00ed alebo na zapam\u00e4tanie va\u0161ich prihlasovac\u00edch \u00fadajov.<\/p>\n<p class=\"cc-cp-body-content-entry-title\"><b>Sledovacie a v\u00fdkonnostn\u00e9 cookies<\/b><\/p>\n<p class=\"cc-cp-body-content-entry-text\">Tieto s\u00fabory cookie sa pou\u017e\u00edvaj\u00fa na zhroma\u017e\u010fovanie inform\u00e1ci\u00ed na anal\u00fdzu prenosu na na\u0161om webe a toho, ako n\u00e1v\u0161tevn\u00edci pou\u017e\u00edvaj\u00fa n\u00e1\u0161 web.<\/p>\n<p class=\"cc-cp-body-content-entry-text\">Tieto s\u00fabory cookie m\u00f4\u017eu napr\u00edklad sledova\u0165 napr\u00edklad to, ko\u013eko \u010dasu str\u00e1vite na webov\u00fdch str\u00e1nkach alebo nav\u0161t\u00edven\u00fdch str\u00e1nkach, \u010do n\u00e1m pom\u00e1ha pochopi\u0165, ako m\u00f4\u017eeme pre v\u00e1s vylep\u0161i\u0165 na\u0161e webov\u00e9 str\u00e1nky.<\/p>\n<p class=\"cc-cp-body-content-entry-text\">Inform\u00e1cie zhroma\u017eden\u00e9 prostredn\u00edctvom t\u00fdchto s\u00faborov cookie na sledovanie a v\u00fdkonnos\u0165 neidentifikuj\u00fa \u017eiadneho jednotliv\u00e9ho n\u00e1v\u0161tevn\u00edka.<\/p>\n<p class=\"cc-cp-body-content-entry-title\"><b>Zacielenie a reklamn\u00e9 cookies<\/b><\/p>\n<p class=\"cc-cp-body-content-entry-text\">Tieto s\u00fabory cookie sa pou\u017e\u00edvaj\u00fa na zobrazovanie rekl\u00e1m, ktor\u00e9 by v\u00e1s mohli pravdepodobne zauj\u00edma\u0165 na z\u00e1klade va\u0161ich zvykov pri prehliadan\u00ed.<\/p>\n<p class=\"cc-cp-body-content-entry-text\">Tieto s\u00fabory cookie, ktor\u00e9 sl\u00fa\u017eia pre n\u00e1\u0161 obsah a\/alebo poskytovate\u013eov rekl\u00e1m, m\u00f4\u017eu kombinova\u0165 inform\u00e1cie zhroma\u017eden\u00e9 z na\u0161ej webovej str\u00e1nky s \u010fal\u0161\u00edmi inform\u00e1ciami, ktor\u00e9 nez\u00e1visle zhroma\u017edili, t\u00fdkaj\u00face sa aktiv\u00edt v\u00e1\u0161ho webov\u00e9ho prehliada\u010da v r\u00e1mci ich siete webov\u00fdch str\u00e1nok.<\/p>\n<p class=\"cc-cp-body-content-entry-text\">Ak sa rozhodnete odstr\u00e1ni\u0165 alebo zak\u00e1za\u0165 tieto s\u00fabory cookie pre zacielenie alebo reklamu, st\u00e1le sa v\u00e1m bud\u00fa zobrazova\u0165 reklamy, ktor\u00e9 v\u0161ak pre v\u00e1s nemusia by\u0165 relevantn\u00e9.<\/p>\n<p class=\"cc-cp-body-content-entry-title\"><b>Viac inform\u00e1ci\u00ed<\/b><\/p>\n<p class=\"cc-cp-body-content-entry-text\">Ak m\u00e1te ak\u00e9ko\u013evek ot\u00e1zky t\u00fdkaj\u00face sa na\u0161ich z\u00e1sad t\u00fdkaj\u00facich sa s\u00faborov cookie a va\u0161ich mo\u017enost\u00ed, kontaktujte n\u00e1s.<\/p>\n<p class=\"cc-cp-body-content-entry-text\">Ak sa chcete dozvedie\u0165 viac, nav\u0161t\u00edvte\u00a0<a href=\"\/ochrana-sukromia\/\" rel=\"noopener\">Z\u00e1sady ochrany osobn\u00fdch \u00fadajov<\/a>.<\/p>\n[\/vc_column_text][\/vc_column][\/vc_row]\n","protected":false},"excerpt":{"rendered":"<p>[vc_row css=&#8220;.vc_custom_1722878733233{padding-top: 50px !important;padding-bottom: 50px !important;}&#8220;][vc_column][vc_column_text] Va\u0161e s\u00fakromie je pre n\u00e1s d\u00f4le\u017eit\u00e9 S\u00fabory cookie s\u00fa ve\u013emi mal\u00e9 textov\u00e9 s\u00fabory, ktor\u00e9 sa ukladaj\u00fa do v\u00e1\u0161ho po\u010d\u00edta\u010da pri n\u00e1v\u0161teve webovej str\u00e1nky. S\u00fabory cookie pou\u017e\u00edvame na r\u00f4zne \u00fa\u010dely a na zlep\u0161enie v\u00e1\u0161ho online z\u00e1\u017eitku z na\u0161ej webovej str\u00e1nky (napr\u00edklad na zapam\u00e4tanie prihlasovac\u00edch \u00fadajov v\u00e1\u0161ho \u00fa\u010dtu). M\u00f4\u017eete zmeni\u0165 svoje predvo\u013eby a odmietnu\u0165 ur\u010dit\u00e9 typy s\u00faborov cookie, ktor\u00e9 sa maj\u00fa uklada\u0165 vo va\u0161om po\u010d\u00edta\u010di pri prehliadan\u00ed na\u0161ich webov\u00fdch str\u00e1nok. M\u00f4\u017eete tie\u017e odstr\u00e1ni\u0165 v\u0161etky s\u00fabory cookie, ktor\u00e9 s\u00fa u\u017e ulo\u017een\u00e9 vo va\u0161om po\u010d\u00edta\u010di, ale nezabudnite, \u017ee vymazanie s\u00faborov cookie v\u00e1m m\u00f4\u017ee zabr\u00e1ni\u0165 v pou\u017e\u00edvan\u00ed \u010dast\u00ed na\u0161ej webovej str\u00e1nky. Nevyhnutne potrebn\u00e9 cookies Tieto s\u00fabory cookie s\u00fa nevyhnutn\u00e9 na to, aby sme v\u00e1m mohli poskytova\u0165 slu\u017eby dostupn\u00e9 prostredn\u00edctvom na\u0161ej webovej str\u00e1nky a aby ste mohli pou\u017e\u00edva\u0165 ur\u010dit\u00e9 funkcie na\u0161ej webovej str\u00e1nky. Bez t\u00fdchto s\u00faborov cookie v\u00e1m nem\u00f4\u017eeme poskytn\u00fa\u0165 ur\u010dit\u00e9 slu\u017eby na na\u0161om webe. Funk\u010dn\u00e9 cookies Tieto s\u00fabory cookie sa pou\u017e\u00edvaj\u00fa na to, aby v\u00e1m poskytli osobnej\u0161ie prostredie na na\u0161ej webovej str\u00e1nke, a na zapam\u00e4tanie si rozhodnut\u00ed, ktor\u00e9 urob\u00edte pri pou\u017e\u00edvan\u00ed na\u0161ej webovej str\u00e1nky. Napr\u00edklad m\u00f4\u017eeme pou\u017ei\u0165 funk\u010dn\u00e9 cookies na zapam\u00e4tanie va\u0161ich jazykov\u00fdch preferenci\u00ed alebo na zapam\u00e4tanie va\u0161ich prihlasovac\u00edch \u00fadajov. Sledovacie a v\u00fdkonnostn\u00e9 cookies Tieto s\u00fabory cookie sa pou\u017e\u00edvaj\u00fa na zhroma\u017e\u010fovanie inform\u00e1ci\u00ed na anal\u00fdzu prenosu na na\u0161om webe a toho, ako n\u00e1v\u0161tevn\u00edci pou\u017e\u00edvaj\u00fa n\u00e1\u0161 web. Tieto s\u00fabory cookie m\u00f4\u017eu napr\u00edklad sledova\u0165 napr\u00edklad to, ko\u013eko \u010dasu str\u00e1vite na webov\u00fdch str\u00e1nkach alebo nav\u0161t\u00edven\u00fdch str\u00e1nkach, \u010do n\u00e1m pom\u00e1ha pochopi\u0165, ako m\u00f4\u017eeme pre v\u00e1s vylep\u0161i\u0165 na\u0161e webov\u00e9 str\u00e1nky. Inform\u00e1cie zhroma\u017eden\u00e9 prostredn\u00edctvom t\u00fdchto s\u00faborov cookie na sledovanie a v\u00fdkonnos\u0165 neidentifikuj\u00fa \u017eiadneho jednotliv\u00e9ho n\u00e1v\u0161tevn\u00edka. Zacielenie a reklamn\u00e9 cookies Tieto s\u00fabory cookie sa pou\u017e\u00edvaj\u00fa na zobrazovanie rekl\u00e1m, ktor\u00e9 by v\u00e1s mohli pravdepodobne zauj\u00edma\u0165 na z\u00e1klade va\u0161ich zvykov pri prehliadan\u00ed. Tieto s\u00fabory cookie, ktor\u00e9 sl\u00fa\u017eia pre n\u00e1\u0161 obsah a\/alebo poskytovate\u013eov rekl\u00e1m, m\u00f4\u017eu kombinova\u0165 inform\u00e1cie zhroma\u017eden\u00e9 z na\u0161ej webovej str\u00e1nky s \u010fal\u0161\u00edmi inform\u00e1ciami, ktor\u00e9 nez\u00e1visle zhroma\u017edili, t\u00fdkaj\u00face sa aktiv\u00edt v\u00e1\u0161ho webov\u00e9ho prehliada\u010da v r\u00e1mci ich siete webov\u00fdch str\u00e1nok. Ak sa rozhodnete odstr\u00e1ni\u0165 alebo zak\u00e1za\u0165 tieto s\u00fabory cookie pre zacielenie alebo reklamu, st\u00e1le sa v\u00e1m bud\u00fa zobrazova\u0165 reklamy, ktor\u00e9 v\u0161ak pre v\u00e1s nemusia by\u0165 relevantn\u00e9. Viac inform\u00e1ci\u00ed Ak m\u00e1te ak\u00e9ko\u013evek ot\u00e1zky t\u00fdkaj\u00face sa na\u0161ich z\u00e1sad t\u00fdkaj\u00facich sa s\u00faborov cookie a va\u0161ich mo\u017enost\u00ed, kontaktujte n\u00e1s. Ak sa chcete dozvedie\u0165 viac, nav\u0161t\u00edvte\u00a0Z\u00e1sady ochrany osobn\u00fdch \u00fadajov. [\/vc_column_text][\/vc_column][\/vc_row]<\/p>\n","protected":false},"author":1,"featured_media":0,"parent":0,"menu_order":0,"comment_status":"closed","ping_status":"closed","template":"","meta":{"footnotes":""},"class_list":["post-991","page","type-page","status-publish","hentry","entry","post-inner"],"_links":{"self":[{"href":"http:\/\/bulktrans.sk\/sk\/wp-json\/wp\/v2\/pages\/991","targetHints":{"allow":["GET"]}}],"collection":[{"href":"http:\/\/bulktrans.sk\/sk\/wp-json\/wp\/v2\/pages"}],"about":[{"href":"http:\/\/bulktrans.sk\/sk\/wp-json\/wp\/v2\/types\/page"}],"author":[{"embeddable":true,"href":"http:\/\/bulktrans.sk\/sk\/wp-json\/wp\/v2\/users\/1"}],"replies":[{"embeddable":true,"href":"http:\/\/bulktrans.sk\/sk\/wp-json\/wp\/v2\/comments?post=991"}],"version-history":[{"count":5,"href":"http:\/\/bulktrans.sk\/sk\/wp-json\/wp\/v2\/pages\/991\/revisions"}],"predecessor-version":[{"id":1003,"href":"http:\/\/bulktrans.sk\/sk\/wp-json\/wp\/v2\/pages\/991\/revisions\/1003"}],"wp:attachment":[{"href":"http:\/\/bulktrans.sk\/sk\/wp-json\/wp\/v2\/media?parent=991"}],"curies":[{"name":"wp","href":"https:\/\/api.w.org\/{rel}","templated":true}]}}